{"id":53,"date":"2025-03-22T10:04:27","date_gmt":"2025-03-22T08:04:27","guid":{"rendered":"http:\/\/localhost:8888\/?page_id=53"},"modified":"2025-05-02T19:59:29","modified_gmt":"2025-05-02T16:59:29","slug":"x-fever-band","status":"publish","type":"page","link":"https:\/\/tauskiofficial.fi\/index.php\/x-fever-band\/","title":{"rendered":"Fever Band"},"content":{"rendered":"\n<p><strong>Fever Band \u2013 Tauskin uusi soundi<\/strong><\/p>\n\n\n\n<p>Fever Band tuo lavalle uudenlaisen energian ja r\u00e4j\u00e4ht\u00e4v\u00e4n fiiliksen. Tauski ja Fever Band yhdist\u00e4v\u00e4t karisman, kokemuksen ja modernin syk\u00e4yksen \u2013 luvassa on unohtumattomia keikkoja, suuria tunteita ja tanssilattian t\u00e4ydelt\u00e4 vauhtia.<\/p>\n\n\n\n<p><\/p>\n","protected":false},"excerpt":{"rendered":"<p>Fever Band \u2013 Tauskin uusi soundi Fever Band tuo lavalle uudenlaisen energian ja r\u00e4j\u00e4ht\u00e4v\u00e4n fiiliksen. Tauski ja Fever Band yhdist\u00e4v\u00e4t karisman, kokemuksen ja modernin syk\u00e4yksen \u2013 luvassa on unohtumattomia keikkoja, suuria tunteita ja tanssilattian t\u00e4ydelt\u00e4 vauhtia.<\/p>\n","protected":false},"author":1,"featured_media":0,"parent":0,"menu_order":0,"comment_status":"closed","ping_status":"closed","template":"","meta":{"footnotes":""},"class_list":["post-53","page","type-page","status-publish","hentry"],"_links":{"self":[{"href":"https:\/\/tauskiofficial.fi\/index.php\/wp-json\/wp\/v2\/pages\/53","targetHints":{"allow":["GET"]}}],"collection":[{"href":"https:\/\/tauskiofficial.fi\/index.php\/wp-json\/wp\/v2\/pages"}],"about":[{"href":"https:\/\/tauskiofficial.fi\/index.php\/wp-json\/wp\/v2\/types\/page"}],"author":[{"embeddable":true,"href":"https:\/\/tauskiofficial.fi\/index.php\/wp-json\/wp\/v2\/users\/1"}],"replies":[{"embeddable":true,"href":"https:\/\/tauskiofficial.fi\/index.php\/wp-json\/wp\/v2\/comments?post=53"}],"version-history":[{"count":3,"href":"https:\/\/tauskiofficial.fi\/index.php\/wp-json\/wp\/v2\/pages\/53\/revisions"}],"predecessor-version":[{"id":116,"href":"https:\/\/tauskiofficial.fi\/index.php\/wp-json\/wp\/v2\/pages\/53\/revisions\/116"}],"wp:attachment":[{"href":"https:\/\/tauskiofficial.fi\/index.php\/wp-json\/wp\/v2\/media?parent=53"}],"curies":[{"name":"wp","href":"https:\/\/api.w.org\/{rel}","templated":true}]}}