{"id":29,"date":"2025-03-22T08:52:45","date_gmt":"2025-03-22T06:52:45","guid":{"rendered":"http:\/\/localhost:8888\/?page_id=29"},"modified":"2026-04-02T15:11:59","modified_gmt":"2026-04-02T12:11:59","slug":"keikat-2025","status":"publish","type":"page","link":"https:\/\/tauskiofficial.fi\/index.php\/keikat-2025\/","title":{"rendered":"Julkiset Keikat 2026"},"content":{"rendered":"\n<p><\/p>\n\n\n\n<pre class=\"wp-block-code\"><code>PE 2.1. RAVINTOLA HIPRAKKA - LAHTI\nPE 9.1. RAJAM\u00c4KI CLUB - RAJAM\u00c4KI\nLA 10.1. RAVINTOLA KOIVU - JOENSUU\nLA 10.1. KAMMARI - JOENSUU\nKE 14.1. RAVINTOLA ZONE - RUKA\nTO 15.1. RAVINTOLA ZONE - RUKA\nPE 16.1. YL\u00c4 PUB - KOKKOLA\nLA 17.1. Z-ONE - VARKAUS\nPE 30.1. SUPER-YS\u00c4RIT - KUOPIO\nLA 31.1. KYL\u00c4N TAVERNA - HAUKIVUORI\n\nPE 6.2. RAVINTOLA BOMONTI - ARTJ\u00c4RVI\nLA 7.2. ONNI PUB - LUVIA\nPE 13.2. URKAN BAARI - VAAJAKOSKI\nLA 14.2. PUB MARJUSKA - HAAPAVESI\nPE 20.2. ICE BAR - MASALA\nLA 28.2. BAR AIKALIS\u00c4 - TAMPERE\n\nLA 7.3. SUNTOWN - NAANTALI\nPE 13.3. RAVINTOLA BLANCCO - PIEKS\u00c4M\u00c4KI\nLA 14.3. KERHO - MYLLYKOSKI\nPE 20.3. LISSUN BAR - OULAINEN\nLA 21.3. PARK HOTEL - TORNIO\nMA 23.3. PYH\u00c4N LAURIN KAPPELI - \u00c4K\u00c4SLOMPOLO\nPE 27.3. HEIKINBAARI - TOIJALA\nLA 28.3. PEHKUBAARI - TAHKO\nLA 28.3. SEURAHUONE PUB S\u00d6RN\u00c4INEN - HELSINKI\n\nTO 2.4. LISSUN BAR - ALAVIESKA\nPE 3.4. RAVINTOLA VALDEMARI - ROVANIEMI\nLA 4.4. P\u00c4RJ\u00c4 SKI BISTRO - ISO-SY\u00d6TE\nLA 11.4. YKSITYISTILAISUUS\nPE 17.4. JAM\u2019S BAR - LIETO\nLA 18.4. YKSITYISTILAISUUS\nLA 25.4. SHERLOCK HOLMES THE BAR - TAMPERE\nTO 30.4. VAAKAHUONE - TURKU\n\nMYYNTI: jimmy@tauskitalo.com \n\n<\/code><\/pre>\n\n\n\n<p><\/p>\n\n\n\n<p><\/p>\n\n\n\n<p><\/p>\n","protected":false},"excerpt":{"rendered":"","protected":false},"author":1,"featured_media":122,"parent":0,"menu_order":0,"comment_status":"closed","ping_status":"closed","template":"","meta":{"footnotes":""},"class_list":["post-29","page","type-page","status-publish","has-post-thumbnail","hentry"],"_links":{"self":[{"href":"https:\/\/tauskiofficial.fi\/index.php\/wp-json\/wp\/v2\/pages\/29","targetHints":{"allow":["GET"]}}],"collection":[{"href":"https:\/\/tauskiofficial.fi\/index.php\/wp-json\/wp\/v2\/pages"}],"about":[{"href":"https:\/\/tauskiofficial.fi\/index.php\/wp-json\/wp\/v2\/types\/page"}],"author":[{"embeddable":true,"href":"https:\/\/tauskiofficial.fi\/index.php\/wp-json\/wp\/v2\/users\/1"}],"replies":[{"embeddable":true,"href":"https:\/\/tauskiofficial.fi\/index.php\/wp-json\/wp\/v2\/comments?post=29"}],"version-history":[{"count":33,"href":"https:\/\/tauskiofficial.fi\/index.php\/wp-json\/wp\/v2\/pages\/29\/revisions"}],"predecessor-version":[{"id":216,"href":"https:\/\/tauskiofficial.fi\/index.php\/wp-json\/wp\/v2\/pages\/29\/revisions\/216"}],"wp:featuredmedia":[{"embeddable":true,"href":"https:\/\/tauskiofficial.fi\/index.php\/wp-json\/wp\/v2\/media\/122"}],"wp:attachment":[{"href":"https:\/\/tauskiofficial.fi\/index.php\/wp-json\/wp\/v2\/media?parent=29"}],"curies":[{"name":"wp","href":"https:\/\/api.w.org\/{rel}","templated":true}]}}